{"id":2452,"date":"2021-05-05T12:30:49","date_gmt":"2021-05-05T12:30:49","guid":{"rendered":"https:\/\/hugostay.com\/?page_id=2452"},"modified":"2026-01-05T09:02:07","modified_gmt":"2026-01-05T09:02:07","slug":"pikaajaline","status":"publish","type":"page","link":"https:\/\/www.hugostay.com\/et\/pikaajaline\/","title":{"rendered":"Pikaajaline"},"content":{"rendered":"","protected":false},"excerpt":{"rendered":"","protected":false},"author":5,"featured_media":0,"parent":0,"menu_order":0,"comment_status":"closed","ping_status":"closed","template":"","meta":{"_acf_changed":false,"footnotes":""},"class_list":["post-2452","page","type-page","status-publish","hentry"],"acf":[],"yoast_head":"<!-- This site is optimized with the Yoast SEO plugin v25.7 - https:\/\/yoast.com\/wordpress\/plugins\/seo\/ -->\n<title>Tartu pikaajaline \u00fc\u00fcr | Hugo.Stay mikrokorterid<\/title>\n<meta name=\"description\" content=\"Hugo.Stay pakub pikaajalist korterite \u00fc\u00fcri Tartu kesklinnas. Nutikad mikrokorterid k\u00f5igi mugavustega. Broneeri oma kodu juba t\u00e4na!\" \/>\n<meta name=\"robots\" content=\"index, follow, max-snippet:-1, max-image-preview:large, max-video-preview:-1\" \/>\n<link rel=\"canonical\" href=\"https:\/\/hugostay.com\/et\/pikaajaline\/\" \/>\n<meta property=\"og:locale\" content=\"et_EE\" \/>\n<meta property=\"og:type\" content=\"article\" \/>\n<meta property=\"og:title\" content=\"Tartu pikaajaline \u00fc\u00fcr | Hugo.Stay mikrokorterid\" \/>\n<meta property=\"og:description\" content=\"Hugo.Stay pakub pikaajalist korterite \u00fc\u00fcri Tartu kesklinnas. Nutikad mikrokorterid k\u00f5igi mugavustega. Broneeri oma kodu juba t\u00e4na!\" \/>\n<meta property=\"og:url\" content=\"https:\/\/hugostay.com\/et\/pikaajaline\/\" \/>\n<meta property=\"og:site_name\" content=\"Hugostay\" \/>\n<meta property=\"article:publisher\" content=\"https:\/\/www.facebook.com\/p\/HugoStay-100063705932295\/\" \/>\n<meta property=\"article:modified_time\" content=\"2026-01-05T09:02:07+00:00\" \/>\n<meta name=\"twitter:card\" content=\"summary_large_image\" \/>\n<script type=\"application\/ld+json\" class=\"yoast-schema-graph\">{\"@context\":\"https:\/\/schema.org\",\"@graph\":[{\"@type\":\"WebPage\",\"@id\":\"https:\/\/hugostay.com\/et\/pikaajaline\/\",\"url\":\"https:\/\/hugostay.com\/et\/pikaajaline\/\",\"name\":\"Tartu pikaajaline \u00fc\u00fcr | Hugo.Stay mikrokorterid\",\"isPartOf\":{\"@id\":\"https:\/\/hugostay.com\/et\/#website\"},\"datePublished\":\"2021-05-05T12:30:49+00:00\",\"dateModified\":\"2026-01-05T09:02:07+00:00\",\"description\":\"Hugo.Stay pakub pikaajalist korterite \u00fc\u00fcri Tartu kesklinnas. Nutikad mikrokorterid k\u00f5igi mugavustega. Broneeri oma kodu juba t\u00e4na!\",\"breadcrumb\":{\"@id\":\"https:\/\/hugostay.com\/et\/pikaajaline\/#breadcrumb\"},\"inLanguage\":\"et\",\"potentialAction\":[{\"@type\":\"ReadAction\",\"target\":[\"https:\/\/hugostay.com\/et\/pikaajaline\/\"]}]},{\"@type\":\"BreadcrumbList\",\"@id\":\"https:\/\/hugostay.com\/et\/pikaajaline\/#breadcrumb\",\"itemListElement\":[{\"@type\":\"ListItem\",\"position\":1,\"name\":\"Home\",\"item\":\"https:\/\/hugostay.com\/et\/\"},{\"@type\":\"ListItem\",\"position\":2,\"name\":\"Pikaajaline\"}]},{\"@type\":\"WebSite\",\"@id\":\"https:\/\/hugostay.com\/et\/#website\",\"url\":\"https:\/\/hugostay.com\/et\/\",\"name\":\"Hugostay\",\"description\":\"\",\"publisher\":{\"@id\":\"https:\/\/hugostay.com\/et\/#organization\"},\"potentialAction\":[{\"@type\":\"SearchAction\",\"target\":{\"@type\":\"EntryPoint\",\"urlTemplate\":\"https:\/\/hugostay.com\/et\/?s={search_term_string}\"},\"query-input\":{\"@type\":\"PropertyValueSpecification\",\"valueRequired\":true,\"valueName\":\"search_term_string\"}}],\"inLanguage\":\"et\"},{\"@type\":\"Organization\",\"@id\":\"https:\/\/hugostay.com\/et\/#organization\",\"name\":\"Hugostay\",\"url\":\"https:\/\/hugostay.com\/et\/\",\"logo\":{\"@type\":\"ImageObject\",\"inLanguage\":\"et\",\"@id\":\"https:\/\/hugostay.com\/et\/#\/schema\/logo\/image\/\",\"url\":\"https:\/\/hugostay.com\/wp-content\/uploads\/2021\/06\/cropped-imageedit_48_7779254105.png\",\"contentUrl\":\"https:\/\/hugostay.com\/wp-content\/uploads\/2021\/06\/cropped-imageedit_48_7779254105.png\",\"width\":512,\"height\":512,\"caption\":\"Hugostay\"},\"image\":{\"@id\":\"https:\/\/hugostay.com\/et\/#\/schema\/logo\/image\/\"},\"sameAs\":[\"https:\/\/www.facebook.com\/p\/HugoStay-100063705932295\/\",\"https:\/\/www.instagram.com\/hugo_stay\/\"]}]}<\/script>\n<!-- \/ Yoast SEO plugin. -->","yoast_head_json":{"title":"Tartu pikaajaline \u00fc\u00fcr | Hugo.Stay mikrokorterid","description":"Hugo.Stay pakub pikaajalist korterite \u00fc\u00fcri Tartu kesklinnas. Nutikad mikrokorterid k\u00f5igi mugavustega. Broneeri oma kodu juba t\u00e4na!","robots":{"index":"index","follow":"follow","max-snippet":"max-snippet:-1","max-image-preview":"max-image-preview:large","max-video-preview":"max-video-preview:-1"},"canonical":"https:\/\/hugostay.com\/et\/pikaajaline\/","og_locale":"et_EE","og_type":"article","og_title":"Tartu pikaajaline \u00fc\u00fcr | Hugo.Stay mikrokorterid","og_description":"Hugo.Stay pakub pikaajalist korterite \u00fc\u00fcri Tartu kesklinnas. Nutikad mikrokorterid k\u00f5igi mugavustega. Broneeri oma kodu juba t\u00e4na!","og_url":"https:\/\/hugostay.com\/et\/pikaajaline\/","og_site_name":"Hugostay","article_publisher":"https:\/\/www.facebook.com\/p\/HugoStay-100063705932295\/","article_modified_time":"2026-01-05T09:02:07+00:00","twitter_card":"summary_large_image","schema":{"@context":"https:\/\/schema.org","@graph":[{"@type":"WebPage","@id":"https:\/\/hugostay.com\/et\/pikaajaline\/","url":"https:\/\/hugostay.com\/et\/pikaajaline\/","name":"Tartu pikaajaline \u00fc\u00fcr | Hugo.Stay mikrokorterid","isPartOf":{"@id":"https:\/\/hugostay.com\/et\/#website"},"datePublished":"2021-05-05T12:30:49+00:00","dateModified":"2026-01-05T09:02:07+00:00","description":"Hugo.Stay pakub pikaajalist korterite \u00fc\u00fcri Tartu kesklinnas. Nutikad mikrokorterid k\u00f5igi mugavustega. Broneeri oma kodu juba t\u00e4na!","breadcrumb":{"@id":"https:\/\/hugostay.com\/et\/pikaajaline\/#breadcrumb"},"inLanguage":"et","potentialAction":[{"@type":"ReadAction","target":["https:\/\/hugostay.com\/et\/pikaajaline\/"]}]},{"@type":"BreadcrumbList","@id":"https:\/\/hugostay.com\/et\/pikaajaline\/#breadcrumb","itemListElement":[{"@type":"ListItem","position":1,"name":"Home","item":"https:\/\/hugostay.com\/et\/"},{"@type":"ListItem","position":2,"name":"Pikaajaline"}]},{"@type":"WebSite","@id":"https:\/\/hugostay.com\/et\/#website","url":"https:\/\/hugostay.com\/et\/","name":"Hugostay","description":"","publisher":{"@id":"https:\/\/hugostay.com\/et\/#organization"},"potentialAction":[{"@type":"SearchAction","target":{"@type":"EntryPoint","urlTemplate":"https:\/\/hugostay.com\/et\/?s={search_term_string}"},"query-input":{"@type":"PropertyValueSpecification","valueRequired":true,"valueName":"search_term_string"}}],"inLanguage":"et"},{"@type":"Organization","@id":"https:\/\/hugostay.com\/et\/#organization","name":"Hugostay","url":"https:\/\/hugostay.com\/et\/","logo":{"@type":"ImageObject","inLanguage":"et","@id":"https:\/\/hugostay.com\/et\/#\/schema\/logo\/image\/","url":"https:\/\/hugostay.com\/wp-content\/uploads\/2021\/06\/cropped-imageedit_48_7779254105.png","contentUrl":"https:\/\/hugostay.com\/wp-content\/uploads\/2021\/06\/cropped-imageedit_48_7779254105.png","width":512,"height":512,"caption":"Hugostay"},"image":{"@id":"https:\/\/hugostay.com\/et\/#\/schema\/logo\/image\/"},"sameAs":["https:\/\/www.facebook.com\/p\/HugoStay-100063705932295\/","https:\/\/www.instagram.com\/hugo_stay\/"]}]}},"_links":{"self":[{"href":"https:\/\/www.hugostay.com\/et\/wp-json\/wp\/v2\/pages\/2452","targetHints":{"allow":["GET"]}}],"collection":[{"href":"https:\/\/www.hugostay.com\/et\/wp-json\/wp\/v2\/pages"}],"about":[{"href":"https:\/\/www.hugostay.com\/et\/wp-json\/wp\/v2\/types\/page"}],"author":[{"embeddable":true,"href":"https:\/\/www.hugostay.com\/et\/wp-json\/wp\/v2\/users\/5"}],"replies":[{"embeddable":true,"href":"https:\/\/www.hugostay.com\/et\/wp-json\/wp\/v2\/comments?post=2452"}],"version-history":[{"count":5,"href":"https:\/\/www.hugostay.com\/et\/wp-json\/wp\/v2\/pages\/2452\/revisions"}],"predecessor-version":[{"id":6799,"href":"https:\/\/www.hugostay.com\/et\/wp-json\/wp\/v2\/pages\/2452\/revisions\/6799"}],"wp:attachment":[{"href":"https:\/\/www.hugostay.com\/et\/wp-json\/wp\/v2\/media?parent=2452"}],"curies":[{"name":"wp","href":"https:\/\/api.w.org\/{rel}","templated":true}]}}