{"id":3024,"date":"2021-05-25T12:35:37","date_gmt":"2021-05-25T12:35:37","guid":{"rendered":"https:\/\/hugostay.com\/contact-form\/"},"modified":"2026-01-05T09:04:40","modified_gmt":"2026-01-05T09:04:40","slug":"kontakti-vorm","status":"publish","type":"page","link":"https:\/\/www.hugostay.com\/et\/kontakti-vorm\/","title":{"rendered":"Kontakti vorm"},"content":{"rendered":"","protected":false},"excerpt":{"rendered":"","protected":false},"author":3,"featured_media":0,"parent":0,"menu_order":0,"comment_status":"closed","ping_status":"closed","template":"","meta":{"_acf_changed":false,"footnotes":""},"class_list":["post-3024","page","type-page","status-publish","hentry"],"acf":[],"yoast_head":"<!-- This site is optimized with the Yoast SEO plugin v25.7 - https:\/\/yoast.com\/wordpress\/plugins\/seo\/ -->\n<title>Kontaktivorm - Hugo.Stay Tartu mikrokorterid | broneeri<\/title>\n<meta name=\"description\" content=\"V\u00f5ta Hugo.Stay&#039;ga \u00fchendust meie kontaktivormi kaudu. K\u00fcsi infot Tartu mikrokorterite, broneerimise ja teenuste kohta. Vastame kiiresti!\" \/>\n<meta name=\"robots\" content=\"index, follow, max-snippet:-1, max-image-preview:large, max-video-preview:-1\" \/>\n<link rel=\"canonical\" href=\"https:\/\/hugostay.com\/et\/kontakti-vorm\/\" \/>\n<meta property=\"og:locale\" content=\"et_EE\" \/>\n<meta property=\"og:type\" content=\"article\" \/>\n<meta property=\"og:title\" content=\"Kontaktivorm - Hugo.Stay Tartu mikrokorterid | broneeri\" \/>\n<meta property=\"og:description\" content=\"V\u00f5ta Hugo.Stay&#039;ga \u00fchendust meie kontaktivormi kaudu. K\u00fcsi infot Tartu mikrokorterite, broneerimise ja teenuste kohta. Vastame kiiresti!\" \/>\n<meta property=\"og:url\" content=\"https:\/\/hugostay.com\/et\/kontakti-vorm\/\" \/>\n<meta property=\"og:site_name\" content=\"Hugostay\" \/>\n<meta property=\"article:publisher\" content=\"https:\/\/www.facebook.com\/p\/HugoStay-100063705932295\/\" \/>\n<meta property=\"article:modified_time\" content=\"2026-01-05T09:04:40+00:00\" \/>\n<meta name=\"twitter:card\" content=\"summary_large_image\" \/>\n<script type=\"application\/ld+json\" class=\"yoast-schema-graph\">{\"@context\":\"https:\/\/schema.org\",\"@graph\":[{\"@type\":\"WebPage\",\"@id\":\"https:\/\/hugostay.com\/et\/kontakti-vorm\/\",\"url\":\"https:\/\/hugostay.com\/et\/kontakti-vorm\/\",\"name\":\"Kontaktivorm - Hugo.Stay Tartu mikrokorterid | broneeri\",\"isPartOf\":{\"@id\":\"https:\/\/hugostay.com\/#website\"},\"datePublished\":\"2021-05-25T12:35:37+00:00\",\"dateModified\":\"2026-01-05T09:04:40+00:00\",\"description\":\"V\u00f5ta Hugo.Stay'ga \u00fchendust meie kontaktivormi kaudu. K\u00fcsi infot Tartu mikrokorterite, broneerimise ja teenuste kohta. Vastame kiiresti!\",\"breadcrumb\":{\"@id\":\"https:\/\/hugostay.com\/et\/kontakti-vorm\/#breadcrumb\"},\"inLanguage\":\"et\",\"potentialAction\":[{\"@type\":\"ReadAction\",\"target\":[\"https:\/\/hugostay.com\/et\/kontakti-vorm\/\"]}]},{\"@type\":\"BreadcrumbList\",\"@id\":\"https:\/\/hugostay.com\/et\/kontakti-vorm\/#breadcrumb\",\"itemListElement\":[{\"@type\":\"ListItem\",\"position\":1,\"name\":\"Home\",\"item\":\"https:\/\/hugostay.com\/et\/\"},{\"@type\":\"ListItem\",\"position\":2,\"name\":\"Kontakti vorm\"}]},{\"@type\":\"WebSite\",\"@id\":\"https:\/\/hugostay.com\/#website\",\"url\":\"https:\/\/hugostay.com\/\",\"name\":\"Hugo.Stay\",\"description\":\"Smart microapartments in the heart of Tartu, Estonia. Modern, hassle-free accommodation for short-term and long-term stays.\",\"publisher\":{\"@id\":\"https:\/\/hugostay.com\/#organization\"},\"inLanguage\":[\"en\",\"et\"],\"potentialAction\":{\"@type\":\"SearchAction\",\"target\":{\"@type\":\"EntryPoint\",\"urlTemplate\":\"https:\/\/hugostay.com\/?s={search_term_string}\"},\"query-input\":\"required name=search_term_string\"}},{\"@type\":\"Organization\",\"@id\":\"https:\/\/hugostay.com\/#organization\",\"name\":\"Raatuse 23 O\u00dc\",\"legalName\":\"Raatuse 23 O\u00dc\",\"url\":\"https:\/\/hugostay.com\/\",\"logo\":{\"@type\":\"ImageObject\",\"url\":\"https:\/\/hugostay.com\/wp-content\/themes\/hugostay\/img\/hugostay_logo_main_1.png\",\"width\":200,\"height\":60},\"vatID\":\"EE102109168\",\"taxID\":\"14592369\",\"contactPoint\":[{\"@type\":\"ContactPoint\",\"telephone\":\"+372-5696-6959\",\"contactType\":\"reservations\",\"description\":\"Short-term rental inquiries\",\"availableLanguage\":[\"Estonian\",\"English\"],\"hoursAvailable\":{\"@type\":\"OpeningHoursSpecification\",\"dayOfWeek\":[\"Monday\",\"Tuesday\",\"Wednesday\",\"Thursday\",\"Friday\"],\"opens\":\"09:00\",\"closes\":\"17:00\"}},{\"@type\":\"ContactPoint\",\"telephone\":\"+372-5626-6406\",\"contactType\":\"reservations\",\"description\":\"Long-term rental inquiries\",\"availableLanguage\":[\"Estonian\",\"English\"],\"hoursAvailable\":{\"@type\":\"OpeningHoursSpecification\",\"dayOfWeek\":[\"Monday\",\"Tuesday\",\"Wednesday\",\"Thursday\",\"Friday\"],\"opens\":\"09:00\",\"closes\":\"17:00\"}},{\"@type\":\"ContactPoint\",\"email\":\"hello@hugostay.com\",\"contactType\":\"customer service\",\"availableLanguage\":[\"Estonian\",\"English\"]}],\"sameAs\":[\"https:\/\/www.facebook.com\/HugoStay-113731203503280\",\"https:\/\/www.instagram.com\/hugo_stay\/\"],\"address\":{\"@type\":\"PostalAddress\",\"streetAddress\":\"Raatuse 23\",\"addressLocality\":\"Tartu\",\"postalCode\":\"50603\",\"addressCountry\":\"EE\"}}]}<\/script>\n<!-- \/ Yoast SEO plugin. -->","yoast_head_json":{"title":"Kontaktivorm - Hugo.Stay Tartu mikrokorterid | broneeri","description":"V\u00f5ta Hugo.Stay'ga \u00fchendust meie kontaktivormi kaudu. K\u00fcsi infot Tartu mikrokorterite, broneerimise ja teenuste kohta. Vastame kiiresti!","robots":{"index":"index","follow":"follow","max-snippet":"max-snippet:-1","max-image-preview":"max-image-preview:large","max-video-preview":"max-video-preview:-1"},"canonical":"https:\/\/hugostay.com\/et\/kontakti-vorm\/","og_locale":"et_EE","og_type":"article","og_title":"Kontaktivorm - Hugo.Stay Tartu mikrokorterid | broneeri","og_description":"V\u00f5ta Hugo.Stay'ga \u00fchendust meie kontaktivormi kaudu. K\u00fcsi infot Tartu mikrokorterite, broneerimise ja teenuste kohta. Vastame kiiresti!","og_url":"https:\/\/hugostay.com\/et\/kontakti-vorm\/","og_site_name":"Hugostay","article_publisher":"https:\/\/www.facebook.com\/p\/HugoStay-100063705932295\/","article_modified_time":"2026-01-05T09:04:40+00:00","twitter_card":"summary_large_image","schema":{"@context":"https:\/\/schema.org","@graph":[{"@type":"WebPage","@id":"https:\/\/hugostay.com\/et\/kontakti-vorm\/","url":"https:\/\/hugostay.com\/et\/kontakti-vorm\/","name":"Kontaktivorm - Hugo.Stay Tartu mikrokorterid | broneeri","isPartOf":{"@id":"https:\/\/hugostay.com\/#website"},"datePublished":"2021-05-25T12:35:37+00:00","dateModified":"2026-01-05T09:04:40+00:00","description":"V\u00f5ta Hugo.Stay'ga \u00fchendust meie kontaktivormi kaudu. K\u00fcsi infot Tartu mikrokorterite, broneerimise ja teenuste kohta. Vastame kiiresti!","breadcrumb":{"@id":"https:\/\/hugostay.com\/et\/kontakti-vorm\/#breadcrumb"},"inLanguage":"et","potentialAction":[{"@type":"ReadAction","target":["https:\/\/hugostay.com\/et\/kontakti-vorm\/"]}]},{"@type":"BreadcrumbList","@id":"https:\/\/hugostay.com\/et\/kontakti-vorm\/#breadcrumb","itemListElement":[{"@type":"ListItem","position":1,"name":"Home","item":"https:\/\/hugostay.com\/et\/"},{"@type":"ListItem","position":2,"name":"Kontakti vorm"}]},{"@type":"WebSite","@id":"https:\/\/hugostay.com\/#website","url":"https:\/\/hugostay.com\/","name":"Hugo.Stay","description":"Smart microapartments in the heart of Tartu, Estonia. Modern, hassle-free accommodation for short-term and long-term stays.","publisher":{"@id":"https:\/\/hugostay.com\/#organization"},"inLanguage":["en","et"],"potentialAction":{"@type":"SearchAction","target":{"@type":"EntryPoint","urlTemplate":"https:\/\/hugostay.com\/?s={search_term_string}"},"query-input":"required name=search_term_string"}},{"@type":"Organization","@id":"https:\/\/hugostay.com\/#organization","name":"Raatuse 23 O\u00dc","legalName":"Raatuse 23 O\u00dc","url":"https:\/\/hugostay.com\/","logo":{"@type":"ImageObject","url":"https:\/\/hugostay.com\/wp-content\/themes\/hugostay\/img\/hugostay_logo_main_1.png","width":200,"height":60},"vatID":"EE102109168","taxID":"14592369","contactPoint":[{"@type":"ContactPoint","telephone":"+372-5696-6959","contactType":"reservations","description":"Short-term rental inquiries","availableLanguage":["Estonian","English"],"hoursAvailable":{"@type":"OpeningHoursSpecification","dayOfWeek":["Monday","Tuesday","Wednesday","Thursday","Friday"],"opens":"09:00","closes":"17:00"}},{"@type":"ContactPoint","telephone":"+372-5626-6406","contactType":"reservations","description":"Long-term rental inquiries","availableLanguage":["Estonian","English"],"hoursAvailable":{"@type":"OpeningHoursSpecification","dayOfWeek":["Monday","Tuesday","Wednesday","Thursday","Friday"],"opens":"09:00","closes":"17:00"}},{"@type":"ContactPoint","email":"hello@hugostay.com","contactType":"customer service","availableLanguage":["Estonian","English"]}],"sameAs":["https:\/\/www.facebook.com\/HugoStay-113731203503280","https:\/\/www.instagram.com\/hugo_stay\/"],"address":{"@type":"PostalAddress","streetAddress":"Raatuse 23","addressLocality":"Tartu","postalCode":"50603","addressCountry":"EE"}}]}},"_links":{"self":[{"href":"https:\/\/www.hugostay.com\/et\/wp-json\/wp\/v2\/pages\/3024","targetHints":{"allow":["GET"]}}],"collection":[{"href":"https:\/\/www.hugostay.com\/et\/wp-json\/wp\/v2\/pages"}],"about":[{"href":"https:\/\/www.hugostay.com\/et\/wp-json\/wp\/v2\/types\/page"}],"author":[{"embeddable":true,"href":"https:\/\/www.hugostay.com\/et\/wp-json\/wp\/v2\/users\/3"}],"replies":[{"embeddable":true,"href":"https:\/\/www.hugostay.com\/et\/wp-json\/wp\/v2\/comments?post=3024"}],"version-history":[{"count":4,"href":"https:\/\/www.hugostay.com\/et\/wp-json\/wp\/v2\/pages\/3024\/revisions"}],"predecessor-version":[{"id":5953,"href":"https:\/\/www.hugostay.com\/et\/wp-json\/wp\/v2\/pages\/3024\/revisions\/5953"}],"wp:attachment":[{"href":"https:\/\/www.hugostay.com\/et\/wp-json\/wp\/v2\/media?parent=3024"}],"curies":[{"name":"wp","href":"https:\/\/api.w.org\/{rel}","templated":true}]}}