{"id":4297,"date":"2021-06-04T12:27:24","date_gmt":"2021-06-04T12:27:24","guid":{"rendered":"https:\/\/hugostay.com\/?page_id=4297"},"modified":"2026-01-05T09:14:58","modified_gmt":"2026-01-05T09:14:58","slug":"privaatsuspoliitika","status":"publish","type":"page","link":"https:\/\/www.hugostay.com\/et\/privaatsuspoliitika\/","title":{"rendered":"Privaatsuspoliitika"},"content":{"rendered":"","protected":false},"excerpt":{"rendered":"","protected":false},"author":5,"featured_media":0,"parent":0,"menu_order":0,"comment_status":"closed","ping_status":"closed","template":"","meta":{"_acf_changed":false,"footnotes":""},"class_list":["post-4297","page","type-page","status-publish","hentry"],"acf":[],"yoast_head":"<!-- This site is optimized with the Yoast SEO plugin v25.7 - https:\/\/yoast.com\/wordpress\/plugins\/seo\/ -->\n<title>Hugo.Stay privaatsuspoliitika - Isikuandmete kaitse<\/title>\n<meta name=\"description\" content=\"Tutvu Hugostay privaatsuspoliitikaga - k\u00fclastajate isikuandmete kaitse, k\u00fclastajakaardi andmete t\u00f6\u00f6tlemine ja GDPR n\u00f5uete j\u00e4rgimine.\" \/>\n<meta name=\"robots\" content=\"index, follow, max-snippet:-1, max-image-preview:large, max-video-preview:-1\" \/>\n<link rel=\"canonical\" href=\"https:\/\/hugostay.com\/et\/privaatsuspoliitika\/\" \/>\n<meta property=\"og:locale\" content=\"et_EE\" \/>\n<meta property=\"og:type\" content=\"article\" \/>\n<meta property=\"og:title\" content=\"Hugo.Stay privaatsuspoliitika - Isikuandmete kaitse\" \/>\n<meta property=\"og:description\" content=\"Tutvu Hugostay privaatsuspoliitikaga - k\u00fclastajate isikuandmete kaitse, k\u00fclastajakaardi andmete t\u00f6\u00f6tlemine ja GDPR n\u00f5uete j\u00e4rgimine.\" \/>\n<meta property=\"og:url\" content=\"https:\/\/hugostay.com\/et\/privaatsuspoliitika\/\" \/>\n<meta property=\"og:site_name\" content=\"Hugostay\" \/>\n<meta property=\"article:publisher\" content=\"https:\/\/www.facebook.com\/p\/HugoStay-100063705932295\/\" \/>\n<meta property=\"article:modified_time\" content=\"2026-01-05T09:14:58+00:00\" \/>\n<meta name=\"twitter:card\" content=\"summary_large_image\" \/>\n<script type=\"application\/ld+json\" class=\"yoast-schema-graph\">{\"@context\":\"https:\/\/schema.org\",\"@graph\":[{\"@type\":\"WebPage\",\"@id\":\"https:\/\/hugostay.com\/et\/privaatsuspoliitika\/\",\"url\":\"https:\/\/hugostay.com\/et\/privaatsuspoliitika\/\",\"name\":\"Hugo.Stay privaatsuspoliitika - Isikuandmete kaitse\",\"isPartOf\":{\"@id\":\"https:\/\/hugostay.com\/#website\"},\"datePublished\":\"2021-06-04T12:27:24+00:00\",\"dateModified\":\"2026-01-05T09:14:58+00:00\",\"description\":\"Tutvu Hugostay privaatsuspoliitikaga - k\u00fclastajate isikuandmete kaitse, k\u00fclastajakaardi andmete t\u00f6\u00f6tlemine ja GDPR n\u00f5uete j\u00e4rgimine.\",\"breadcrumb\":{\"@id\":\"https:\/\/hugostay.com\/et\/privaatsuspoliitika\/#breadcrumb\"},\"inLanguage\":\"et\",\"potentialAction\":[{\"@type\":\"ReadAction\",\"target\":[\"https:\/\/hugostay.com\/et\/privaatsuspoliitika\/\"]}]},{\"@type\":\"BreadcrumbList\",\"@id\":\"https:\/\/hugostay.com\/et\/privaatsuspoliitika\/#breadcrumb\",\"itemListElement\":[{\"@type\":\"ListItem\",\"position\":1,\"name\":\"Home\",\"item\":\"https:\/\/hugostay.com\/et\/\"},{\"@type\":\"ListItem\",\"position\":2,\"name\":\"Privaatsuspoliitika\"}]},{\"@type\":\"WebSite\",\"@id\":\"https:\/\/hugostay.com\/#website\",\"url\":\"https:\/\/hugostay.com\/\",\"name\":\"Hugo.Stay\",\"description\":\"Smart microapartments in the heart of Tartu, Estonia. Modern, hassle-free accommodation for short-term and long-term stays.\",\"publisher\":{\"@id\":\"https:\/\/hugostay.com\/#organization\"},\"inLanguage\":[\"en\",\"et\"],\"potentialAction\":{\"@type\":\"SearchAction\",\"target\":{\"@type\":\"EntryPoint\",\"urlTemplate\":\"https:\/\/hugostay.com\/?s={search_term_string}\"},\"query-input\":\"required name=search_term_string\"}},{\"@type\":\"Organization\",\"@id\":\"https:\/\/hugostay.com\/#organization\",\"name\":\"Raatuse 23 O\u00dc\",\"legalName\":\"Raatuse 23 O\u00dc\",\"url\":\"https:\/\/hugostay.com\/\",\"logo\":{\"@type\":\"ImageObject\",\"url\":\"https:\/\/hugostay.com\/wp-content\/themes\/hugostay\/img\/hugostay_logo_main_1.png\",\"width\":200,\"height\":60},\"vatID\":\"EE102109168\",\"taxID\":\"14592369\",\"contactPoint\":[{\"@type\":\"ContactPoint\",\"telephone\":\"+372-5696-6959\",\"contactType\":\"reservations\",\"description\":\"Short-term rental inquiries\",\"availableLanguage\":[\"Estonian\",\"English\"],\"hoursAvailable\":{\"@type\":\"OpeningHoursSpecification\",\"dayOfWeek\":[\"Monday\",\"Tuesday\",\"Wednesday\",\"Thursday\",\"Friday\"],\"opens\":\"09:00\",\"closes\":\"17:00\"}},{\"@type\":\"ContactPoint\",\"telephone\":\"+372-5626-6406\",\"contactType\":\"reservations\",\"description\":\"Long-term rental inquiries\",\"availableLanguage\":[\"Estonian\",\"English\"],\"hoursAvailable\":{\"@type\":\"OpeningHoursSpecification\",\"dayOfWeek\":[\"Monday\",\"Tuesday\",\"Wednesday\",\"Thursday\",\"Friday\"],\"opens\":\"09:00\",\"closes\":\"17:00\"}},{\"@type\":\"ContactPoint\",\"email\":\"hello@hugostay.com\",\"contactType\":\"customer service\",\"availableLanguage\":[\"Estonian\",\"English\"]}],\"sameAs\":[\"https:\/\/www.facebook.com\/HugoStay-113731203503280\",\"https:\/\/www.instagram.com\/hugo_stay\/\"],\"address\":{\"@type\":\"PostalAddress\",\"streetAddress\":\"Raatuse 23\",\"addressLocality\":\"Tartu\",\"postalCode\":\"50603\",\"addressCountry\":\"EE\"}}]}<\/script>\n<!-- \/ Yoast SEO plugin. -->","yoast_head_json":{"title":"Hugo.Stay privaatsuspoliitika - Isikuandmete kaitse","description":"Tutvu Hugostay privaatsuspoliitikaga - k\u00fclastajate isikuandmete kaitse, k\u00fclastajakaardi andmete t\u00f6\u00f6tlemine ja GDPR n\u00f5uete j\u00e4rgimine.","robots":{"index":"index","follow":"follow","max-snippet":"max-snippet:-1","max-image-preview":"max-image-preview:large","max-video-preview":"max-video-preview:-1"},"canonical":"https:\/\/hugostay.com\/et\/privaatsuspoliitika\/","og_locale":"et_EE","og_type":"article","og_title":"Hugo.Stay privaatsuspoliitika - Isikuandmete kaitse","og_description":"Tutvu Hugostay privaatsuspoliitikaga - k\u00fclastajate isikuandmete kaitse, k\u00fclastajakaardi andmete t\u00f6\u00f6tlemine ja GDPR n\u00f5uete j\u00e4rgimine.","og_url":"https:\/\/hugostay.com\/et\/privaatsuspoliitika\/","og_site_name":"Hugostay","article_publisher":"https:\/\/www.facebook.com\/p\/HugoStay-100063705932295\/","article_modified_time":"2026-01-05T09:14:58+00:00","twitter_card":"summary_large_image","schema":{"@context":"https:\/\/schema.org","@graph":[{"@type":"WebPage","@id":"https:\/\/hugostay.com\/et\/privaatsuspoliitika\/","url":"https:\/\/hugostay.com\/et\/privaatsuspoliitika\/","name":"Hugo.Stay privaatsuspoliitika - Isikuandmete kaitse","isPartOf":{"@id":"https:\/\/hugostay.com\/#website"},"datePublished":"2021-06-04T12:27:24+00:00","dateModified":"2026-01-05T09:14:58+00:00","description":"Tutvu Hugostay privaatsuspoliitikaga - k\u00fclastajate isikuandmete kaitse, k\u00fclastajakaardi andmete t\u00f6\u00f6tlemine ja GDPR n\u00f5uete j\u00e4rgimine.","breadcrumb":{"@id":"https:\/\/hugostay.com\/et\/privaatsuspoliitika\/#breadcrumb"},"inLanguage":"et","potentialAction":[{"@type":"ReadAction","target":["https:\/\/hugostay.com\/et\/privaatsuspoliitika\/"]}]},{"@type":"BreadcrumbList","@id":"https:\/\/hugostay.com\/et\/privaatsuspoliitika\/#breadcrumb","itemListElement":[{"@type":"ListItem","position":1,"name":"Home","item":"https:\/\/hugostay.com\/et\/"},{"@type":"ListItem","position":2,"name":"Privaatsuspoliitika"}]},{"@type":"WebSite","@id":"https:\/\/hugostay.com\/#website","url":"https:\/\/hugostay.com\/","name":"Hugo.Stay","description":"Smart microapartments in the heart of Tartu, Estonia. Modern, hassle-free accommodation for short-term and long-term stays.","publisher":{"@id":"https:\/\/hugostay.com\/#organization"},"inLanguage":["en","et"],"potentialAction":{"@type":"SearchAction","target":{"@type":"EntryPoint","urlTemplate":"https:\/\/hugostay.com\/?s={search_term_string}"},"query-input":"required name=search_term_string"}},{"@type":"Organization","@id":"https:\/\/hugostay.com\/#organization","name":"Raatuse 23 O\u00dc","legalName":"Raatuse 23 O\u00dc","url":"https:\/\/hugostay.com\/","logo":{"@type":"ImageObject","url":"https:\/\/hugostay.com\/wp-content\/themes\/hugostay\/img\/hugostay_logo_main_1.png","width":200,"height":60},"vatID":"EE102109168","taxID":"14592369","contactPoint":[{"@type":"ContactPoint","telephone":"+372-5696-6959","contactType":"reservations","description":"Short-term rental inquiries","availableLanguage":["Estonian","English"],"hoursAvailable":{"@type":"OpeningHoursSpecification","dayOfWeek":["Monday","Tuesday","Wednesday","Thursday","Friday"],"opens":"09:00","closes":"17:00"}},{"@type":"ContactPoint","telephone":"+372-5626-6406","contactType":"reservations","description":"Long-term rental inquiries","availableLanguage":["Estonian","English"],"hoursAvailable":{"@type":"OpeningHoursSpecification","dayOfWeek":["Monday","Tuesday","Wednesday","Thursday","Friday"],"opens":"09:00","closes":"17:00"}},{"@type":"ContactPoint","email":"hello@hugostay.com","contactType":"customer service","availableLanguage":["Estonian","English"]}],"sameAs":["https:\/\/www.facebook.com\/HugoStay-113731203503280","https:\/\/www.instagram.com\/hugo_stay\/"],"address":{"@type":"PostalAddress","streetAddress":"Raatuse 23","addressLocality":"Tartu","postalCode":"50603","addressCountry":"EE"}}]}},"_links":{"self":[{"href":"https:\/\/www.hugostay.com\/et\/wp-json\/wp\/v2\/pages\/4297","targetHints":{"allow":["GET"]}}],"collection":[{"href":"https:\/\/www.hugostay.com\/et\/wp-json\/wp\/v2\/pages"}],"about":[{"href":"https:\/\/www.hugostay.com\/et\/wp-json\/wp\/v2\/types\/page"}],"author":[{"embeddable":true,"href":"https:\/\/www.hugostay.com\/et\/wp-json\/wp\/v2\/users\/5"}],"replies":[{"embeddable":true,"href":"https:\/\/www.hugostay.com\/et\/wp-json\/wp\/v2\/comments?post=4297"}],"version-history":[{"count":1,"href":"https:\/\/www.hugostay.com\/et\/wp-json\/wp\/v2\/pages\/4297\/revisions"}],"predecessor-version":[{"id":4298,"href":"https:\/\/www.hugostay.com\/et\/wp-json\/wp\/v2\/pages\/4297\/revisions\/4298"}],"wp:attachment":[{"href":"https:\/\/www.hugostay.com\/et\/wp-json\/wp\/v2\/media?parent=4297"}],"curies":[{"name":"wp","href":"https:\/\/api.w.org\/{rel}","templated":true}]}}